{"id":15230,"date":"2023-02-22T19:52:18","date_gmt":"2023-02-22T18:52:18","guid":{"rendered":"https:\/\/worldinabucket.com\/de\/?page_id=15230"},"modified":"2025-08-24T13:41:10","modified_gmt":"2025-08-24T11:41:10","slug":"startseite","status":"publish","type":"page","link":"https:\/\/worldinabucket.com\/de\/","title":{"rendered":"Startseite"},"content":{"rendered":"\t\t<div data-elementor-type=\"wp-page\" data-elementor-id=\"15230\" class=\"elementor elementor-15230\" data-elementor-post-type=\"page\">\n\t\t\t\t\t\t<section class=\"elementor-section elementor-top-section elementor-element elementor-element-61c86646 elementor-section-boxed elementor-section-height-default elementor-section-height-default\" data-id=\"61c86646\" data-element_type=\"section\">\n\t\t\t\t\t\t<div class=\"elementor-container elementor-column-gap-default\">\n\t\t\t\t\t<div class=\"elementor-column elementor-col-100 elementor-top-column elementor-element elementor-element-1c0eedf0\" data-id=\"1c0eedf0\" data-element_type=\"column\">\n\t\t\t<div class=\"elementor-widget-wrap elementor-element-populated\">\n\t\t\t\t\t\t<div class=\"elementor-element elementor-element-73e7c8f elementor-grid-2 elementor-grid-tablet-2 elementor-grid-mobile-1 elementor-widget elementor-widget-portfolio\" data-id=\"73e7c8f\" data-element_type=\"widget\" data-settings=\"{&quot;columns&quot;:&quot;2&quot;,&quot;row_gap&quot;:{&quot;unit&quot;:&quot;px&quot;,&quot;size&quot;:15,&quot;sizes&quot;:[]},&quot;columns_tablet&quot;:&quot;2&quot;,&quot;columns_mobile&quot;:&quot;1&quot;,&quot;item_ratio&quot;:{&quot;unit&quot;:&quot;px&quot;,&quot;size&quot;:0.66000000000000003108624468950438313186168670654296875,&quot;sizes&quot;:[]},&quot;item_gap&quot;:{&quot;unit&quot;:&quot;px&quot;,&quot;size&quot;:&quot;&quot;,&quot;sizes&quot;:[]}}\" data-widget_type=\"portfolio.default\">\n\t\t\t\t<div class=\"elementor-widget-container\">\n\t\t\t\t\t\t\t<div class=\"elementor-portfolio elementor-grid elementor-posts-container\" role=\"list\">\n\t\t\t\t<article class=\"elementor-portfolio-item elementor-post  post-19173 post type-post status-publish format-standard has-post-thumbnail hentry category-blog\" role=\"listitem\">\n\t\t\t<a class=\"elementor-post__thumbnail__link\" href=\"https:\/\/worldinabucket.com\/de\/bester-handgepack-koffer\/\">\n\t\t\t\t<div class=\"elementor-portfolio-item__img elementor-post__thumbnail\">\n\t\t\t<img fetchpriority=\"high\" decoding=\"async\" width=\"1536\" height=\"1024\" src=\"https:\/\/worldinabucket.com\/wp-content\/uploads\/2025\/10\/bde06be3-03fa-4c2b-9882-c2d158bd4e87332.png\" class=\"attachment-2048x2048 size-2048x2048 wp-image-19193\" alt=\"handgep\u00e4ck menschen im flughafen\" srcset=\"https:\/\/worldinabucket.com\/wp-content\/uploads\/2025\/10\/bde06be3-03fa-4c2b-9882-c2d158bd4e87332.png 1536w, https:\/\/worldinabucket.com\/wp-content\/uploads\/2025\/10\/bde06be3-03fa-4c2b-9882-c2d158bd4e87332-300x200.png 300w, https:\/\/worldinabucket.com\/wp-content\/uploads\/2025\/10\/bde06be3-03fa-4c2b-9882-c2d158bd4e87332-1024x683.png 1024w, https:\/\/worldinabucket.com\/wp-content\/uploads\/2025\/10\/bde06be3-03fa-4c2b-9882-c2d158bd4e87332-768x512.png 768w, https:\/\/worldinabucket.com\/wp-content\/uploads\/2025\/10\/bde06be3-03fa-4c2b-9882-c2d158bd4e87332-370x247.png 370w, https:\/\/worldinabucket.com\/wp-content\/uploads\/2025\/10\/bde06be3-03fa-4c2b-9882-c2d158bd4e87332-270x180.png 270w\" sizes=\"(max-width: 1536px) 100vw, 1536px\" \/>\t\t<\/div>\n\t\t\t\t<div class=\"elementor-portfolio-item__overlay\">\n\t\t\t\t<h3 class=\"elementor-portfolio-item__title\">\n\t\tBester Handgep\u00e4ck Koffer: <br>G\u00fcnstige Modelle f\u00fcr deine Reise\t\t<\/h3>\n\t\t\t\t<\/div>\n\t\t\t\t<\/a>\n\t\t<\/article>\n\t\t\t\t<article class=\"elementor-portfolio-item elementor-post  post-18027 post type-post status-publish format-standard has-post-thumbnail hentry category-blog tag-hamburg\" role=\"listitem\">\n\t\t\t<a class=\"elementor-post__thumbnail__link\" href=\"https:\/\/worldinabucket.com\/de\/hamburg-top-20-sehenswuerdigkeiten\/\">\n\t\t\t\t<div class=\"elementor-portfolio-item__img elementor-post__thumbnail\">\n\t\t\t<img decoding=\"async\" width=\"2048\" height=\"1234\" src=\"https:\/\/worldinabucket.com\/wp-content\/uploads\/2023\/08\/julia-solonina-xQf7UJN0j1Q-unsplash-scaled-e1691761130904-2048x1234.jpg\" class=\"attachment-2048x2048 size-2048x2048 wp-image-18032\" alt=\"Hamburg Sehensw\u00fcrdigkeiten Docklands\" srcset=\"https:\/\/worldinabucket.com\/wp-content\/uploads\/2023\/08\/julia-solonina-xQf7UJN0j1Q-unsplash-scaled-e1691761130904-2048x1234.jpg 2048w, https:\/\/worldinabucket.com\/wp-content\/uploads\/2023\/08\/julia-solonina-xQf7UJN0j1Q-unsplash-scaled-e1691761130904-300x181.jpg 300w, https:\/\/worldinabucket.com\/wp-content\/uploads\/2023\/08\/julia-solonina-xQf7UJN0j1Q-unsplash-scaled-e1691761130904-1024x617.jpg 1024w, https:\/\/worldinabucket.com\/wp-content\/uploads\/2023\/08\/julia-solonina-xQf7UJN0j1Q-unsplash-scaled-e1691761130904-768x463.jpg 768w, https:\/\/worldinabucket.com\/wp-content\/uploads\/2023\/08\/julia-solonina-xQf7UJN0j1Q-unsplash-scaled-e1691761130904-1536x925.jpg 1536w\" sizes=\"(max-width: 2048px) 100vw, 2048px\" \/>\t\t<\/div>\n\t\t\t\t<div class=\"elementor-portfolio-item__overlay\">\n\t\t\t\t<h3 class=\"elementor-portfolio-item__title\">\n\t\tHamburg: Meine Top 20 Sehensw\u00fcrdigkeiten<br> in der Hansestadt\t\t<\/h3>\n\t\t\t\t<\/div>\n\t\t\t\t<\/a>\n\t\t<\/article>\n\t\t\t\t<article class=\"elementor-portfolio-item elementor-post  post-16617 post type-post status-publish format-standard has-post-thumbnail hentry category-blog\" role=\"listitem\">\n\t\t\t<a class=\"elementor-post__thumbnail__link\" href=\"https:\/\/worldinabucket.com\/de\/trustedhousesitters-erfahrungen\/\">\n\t\t\t\t<div class=\"elementor-portfolio-item__img elementor-post__thumbnail\">\n\t\t\t<img decoding=\"async\" width=\"2048\" height=\"1126\" src=\"https:\/\/worldinabucket.com\/wp-content\/uploads\/2023\/04\/Trustedhousesitters-Erfahrungen-Hund-scaled-e1681569122788-2048x1126.jpg\" class=\"attachment-2048x2048 size-2048x2048 wp-image-16626\" alt=\"\" srcset=\"https:\/\/worldinabucket.com\/wp-content\/uploads\/2023\/04\/Trustedhousesitters-Erfahrungen-Hund-scaled-e1681569122788-2048x1126.jpg 2048w, https:\/\/worldinabucket.com\/wp-content\/uploads\/2023\/04\/Trustedhousesitters-Erfahrungen-Hund-scaled-e1681569122788-300x165.jpg 300w, https:\/\/worldinabucket.com\/wp-content\/uploads\/2023\/04\/Trustedhousesitters-Erfahrungen-Hund-scaled-e1681569122788-1024x563.jpg 1024w, https:\/\/worldinabucket.com\/wp-content\/uploads\/2023\/04\/Trustedhousesitters-Erfahrungen-Hund-scaled-e1681569122788-768x422.jpg 768w, https:\/\/worldinabucket.com\/wp-content\/uploads\/2023\/04\/Trustedhousesitters-Erfahrungen-Hund-scaled-e1681569122788-1536x845.jpg 1536w\" sizes=\"(max-width: 2048px) 100vw, 2048px\" \/>\t\t<\/div>\n\t\t\t\t<div class=\"elementor-portfolio-item__overlay\">\n\t\t\t\t<h3 class=\"elementor-portfolio-item__title\">\n\t\tMeine pers\u00f6nlichen Trustedhousesitters Erfahrungen &#038; wie du auch Housesitter wirst\t\t<\/h3>\n\t\t\t\t<\/div>\n\t\t\t\t<\/a>\n\t\t<\/article>\n\t\t\t\t<article class=\"elementor-portfolio-item elementor-post  post-18756 post type-post status-publish format-standard has-post-thumbnail hentry category-blog\" role=\"listitem\">\n\t\t\t<a class=\"elementor-post__thumbnail__link\" href=\"https:\/\/worldinabucket.com\/de\/bestes-festival-zelt-meine-empfehlungen\/\">\n\t\t\t\t<div class=\"elementor-portfolio-item__img elementor-post__thumbnail\">\n\t\t\t<img loading=\"lazy\" decoding=\"async\" width=\"2048\" height=\"1365\" src=\"https:\/\/worldinabucket.com\/wp-content\/uploads\/2024\/02\/ottr-dan-dAjuYLXK17Q-unsplash-2048x1365.jpg\" class=\"attachment-2048x2048 size-2048x2048 wp-image-18744\" alt=\"Festival Camping Essen\" srcset=\"https:\/\/worldinabucket.com\/wp-content\/uploads\/2024\/02\/ottr-dan-dAjuYLXK17Q-unsplash-2048x1365.jpg 2048w, https:\/\/worldinabucket.com\/wp-content\/uploads\/2024\/02\/ottr-dan-dAjuYLXK17Q-unsplash-300x200.jpg 300w, https:\/\/worldinabucket.com\/wp-content\/uploads\/2024\/02\/ottr-dan-dAjuYLXK17Q-unsplash-1024x683.jpg 1024w, https:\/\/worldinabucket.com\/wp-content\/uploads\/2024\/02\/ottr-dan-dAjuYLXK17Q-unsplash-768x512.jpg 768w, https:\/\/worldinabucket.com\/wp-content\/uploads\/2024\/02\/ottr-dan-dAjuYLXK17Q-unsplash-370x247.jpg 370w, https:\/\/worldinabucket.com\/wp-content\/uploads\/2024\/02\/ottr-dan-dAjuYLXK17Q-unsplash-270x180.jpg 270w, https:\/\/worldinabucket.com\/wp-content\/uploads\/2024\/02\/ottr-dan-dAjuYLXK17Q-unsplash-1536x1024.jpg 1536w\" sizes=\"(max-width: 2048px) 100vw, 2048px\" \/>\t\t<\/div>\n\t\t\t\t<div class=\"elementor-portfolio-item__overlay\">\n\t\t\t\t<h3 class=\"elementor-portfolio-item__title\">\n\t\tBestes Festival Zelt 2026: Meine Empfehlungen f\u00fcr 2 bis 3 Personen\t\t<\/h3>\n\t\t\t\t<\/div>\n\t\t\t\t<\/a>\n\t\t<\/article>\n\t\t\t\t<article class=\"elementor-portfolio-item elementor-post  post-16734 post type-post status-publish format-standard has-post-thumbnail hentry category-blog\" role=\"listitem\">\n\t\t\t<a class=\"elementor-post__thumbnail__link\" href=\"https:\/\/worldinabucket.com\/de\/handgepaeck-packliste-checkliste\/\">\n\t\t\t\t<div class=\"elementor-portfolio-item__img elementor-post__thumbnail\">\n\t\t\t<img loading=\"lazy\" decoding=\"async\" width=\"2048\" height=\"1357\" src=\"https:\/\/worldinabucket.com\/wp-content\/uploads\/2023\/04\/marissa-grootes-TVllFyGaLEA-unsplash-scaled-e1682183529621-2048x1357.jpg\" class=\"attachment-2048x2048 size-2048x2048 wp-image-16764\" alt=\"\" srcset=\"https:\/\/worldinabucket.com\/wp-content\/uploads\/2023\/04\/marissa-grootes-TVllFyGaLEA-unsplash-scaled-e1682183529621-2048x1357.jpg 2048w, https:\/\/worldinabucket.com\/wp-content\/uploads\/2023\/04\/marissa-grootes-TVllFyGaLEA-unsplash-scaled-e1682183529621-300x199.jpg 300w, https:\/\/worldinabucket.com\/wp-content\/uploads\/2023\/04\/marissa-grootes-TVllFyGaLEA-unsplash-scaled-e1682183529621-1024x678.jpg 1024w, https:\/\/worldinabucket.com\/wp-content\/uploads\/2023\/04\/marissa-grootes-TVllFyGaLEA-unsplash-scaled-e1682183529621-768x509.jpg 768w, https:\/\/worldinabucket.com\/wp-content\/uploads\/2023\/04\/marissa-grootes-TVllFyGaLEA-unsplash-scaled-e1682183529621-270x180.jpg 270w, https:\/\/worldinabucket.com\/wp-content\/uploads\/2023\/04\/marissa-grootes-TVllFyGaLEA-unsplash-scaled-e1682183529621-1536x1018.jpg 1536w\" sizes=\"(max-width: 2048px) 100vw, 2048px\" \/>\t\t<\/div>\n\t\t\t\t<div class=\"elementor-portfolio-item__overlay\">\n\t\t\t\t<h3 class=\"elementor-portfolio-item__title\">\n\t\tHandgep\u00e4ck Packliste: Checkliste und <br>No-Gos bei Airlines\t\t<\/h3>\n\t\t\t\t<\/div>\n\t\t\t\t<\/a>\n\t\t<\/article>\n\t\t\t\t<article class=\"elementor-portfolio-item elementor-post  post-18257 post type-post status-publish format-standard has-post-thumbnail hentry category-blog tag-hamburg\" role=\"listitem\">\n\t\t\t<a class=\"elementor-post__thumbnail__link\" href=\"https:\/\/worldinabucket.com\/de\/ein-tag-in-hamburg-was-tun-was-muss-man-gesehen-haben\/\">\n\t\t\t\t<div class=\"elementor-portfolio-item__img elementor-post__thumbnail\">\n\t\t\t<img loading=\"lazy\" decoding=\"async\" width=\"1365\" height=\"2048\" src=\"https:\/\/worldinabucket.com\/wp-content\/uploads\/2023\/08\/julia-solonina-wRJfHQ2oQOE-unsplash-1365x2048.jpg\" class=\"attachment-2048x2048 size-2048x2048 wp-image-18539\" alt=\"Jungfernstieg Hamburg Sonnenaufgang\" \/>\t\t<\/div>\n\t\t\t\t<div class=\"elementor-portfolio-item__overlay\">\n\t\t\t\t<h3 class=\"elementor-portfolio-item__title\">\n\t\tEin Tag in Hamburg: <br>Was muss man gesehen haben?\t\t<\/h3>\n\t\t\t\t<\/div>\n\t\t\t\t<\/a>\n\t\t<\/article>\n\t\t\t\t<\/div>\n\t\t\t\t\t\t<\/div>\n\t\t\t\t<\/div>\n\t\t\t\t\t<\/div>\n\t\t<\/div>\n\t\t\t\t\t<\/div>\n\t\t<\/section>\n\t\t\t\t<\/div>\n\t\t","protected":false},"excerpt":{"rendered":"","protected":false},"author":1,"featured_media":0,"parent":0,"menu_order":0,"comment_status":"closed","ping_status":"closed","template":"","meta":{"footnotes":""},"class_list":["post-15230","page","type-page","status-publish","hentry"],"yoast_head":"<!-- This site is optimized with the Yoast SEO plugin v26.4 - https:\/\/yoast.com\/wordpress\/plugins\/seo\/ -->\n<title>World in a bucket: Reiseblog und Ratgeber f\u00fcr spannende Ausfl\u00fcge<\/title>\n<meta name=\"description\" content=\"Finde auf meinem Reiseblog die besten Tipps &amp; Tricks f\u00fcr deinen n\u00e4chsten Ausflug oder Urlaub und erlebe die sch\u00f6nsten Momente.\" \/>\n<meta name=\"robots\" content=\"index, follow, max-snippet:-1, max-image-preview:large, max-video-preview:-1\" \/>\n<link rel=\"canonical\" href=\"https:\/\/worldinabucket.com\/de\/\" \/>\n<meta property=\"og:locale\" content=\"de_DE\" \/>\n<meta property=\"og:type\" content=\"article\" \/>\n<meta property=\"og:title\" content=\"World in a bucket: Reiseblog und Ratgeber f\u00fcr spannende Ausfl\u00fcge\" \/>\n<meta property=\"og:description\" content=\"Finde auf meinem Reiseblog die besten Tipps &amp; Tricks f\u00fcr deinen n\u00e4chsten Ausflug oder Urlaub und erlebe die sch\u00f6nsten Momente.\" \/>\n<meta property=\"og:url\" content=\"https:\/\/worldinabucket.com\/de\/\" \/>\n<meta property=\"og:site_name\" content=\"worldinabucket.com\" \/>\n<meta property=\"article:modified_time\" content=\"2025-08-24T11:41:10+00:00\" \/>\n<meta name=\"twitter:card\" content=\"summary_large_image\" \/>\n<meta name=\"twitter:label1\" content=\"Gesch\u00e4tzte Lesezeit\" \/>\n\t<meta name=\"twitter:data1\" content=\"2\u00a0Minuten\" \/>\n<script type=\"application\/ld+json\" class=\"yoast-schema-graph\">{\"@context\":\"https:\/\/schema.org\",\"@graph\":[{\"@type\":\"WebPage\",\"@id\":\"https:\/\/worldinabucket.com\/de\/\",\"url\":\"https:\/\/worldinabucket.com\/de\/\",\"name\":\"World in a bucket: Reiseblog und Ratgeber f\u00fcr spannende Ausfl\u00fcge\",\"isPartOf\":{\"@id\":\"https:\/\/worldinabucket.com\/de\/#website\"},\"datePublished\":\"2023-02-22T18:52:18+00:00\",\"dateModified\":\"2025-08-24T11:41:10+00:00\",\"description\":\"Finde auf meinem Reiseblog die besten Tipps & Tricks f\u00fcr deinen n\u00e4chsten Ausflug oder Urlaub und erlebe die sch\u00f6nsten Momente.\",\"breadcrumb\":{\"@id\":\"https:\/\/worldinabucket.com\/de\/#breadcrumb\"},\"inLanguage\":\"de\",\"potentialAction\":[{\"@type\":\"ReadAction\",\"target\":[\"https:\/\/worldinabucket.com\/de\/\"]}]},{\"@type\":\"BreadcrumbList\",\"@id\":\"https:\/\/worldinabucket.com\/de\/#breadcrumb\",\"itemListElement\":[{\"@type\":\"ListItem\",\"position\":1,\"name\":\"Startseite\",\"item\":\"https:\/\/worldinabucket.com\/de\/\"},{\"@type\":\"ListItem\",\"position\":2,\"name\":\"Startseite\"}]},{\"@type\":\"WebSite\",\"@id\":\"https:\/\/worldinabucket.com\/de\/#website\",\"url\":\"https:\/\/worldinabucket.com\/de\/\",\"name\":\"worldinabucket.com\",\"description\":\"worldinabucket\",\"publisher\":{\"@id\":\"https:\/\/worldinabucket.com\/de\/#organization\"},\"potentialAction\":[{\"@type\":\"SearchAction\",\"target\":{\"@type\":\"EntryPoint\",\"urlTemplate\":\"https:\/\/worldinabucket.com\/de\/?s={search_term_string}\"},\"query-input\":{\"@type\":\"PropertyValueSpecification\",\"valueRequired\":true,\"valueName\":\"search_term_string\"}}],\"inLanguage\":\"de\"},{\"@type\":\"Organization\",\"@id\":\"https:\/\/worldinabucket.com\/de\/#organization\",\"name\":\"worldinabucket.com\",\"url\":\"https:\/\/worldinabucket.com\/de\/\",\"logo\":{\"@type\":\"ImageObject\",\"inLanguage\":\"de\",\"@id\":\"https:\/\/worldinabucket.com\/de\/#\/schema\/logo\/image\/\",\"url\":\"https:\/\/worldinabucket.com\/wp-content\/uploads\/2023\/02\/wib-logo-first-draft_Zeichenflaeche-1-e1678548851820.png\",\"contentUrl\":\"https:\/\/worldinabucket.com\/wp-content\/uploads\/2023\/02\/wib-logo-first-draft_Zeichenflaeche-1-e1678548851820.png\",\"width\":2084,\"height\":1417,\"caption\":\"worldinabucket.com\"},\"image\":{\"@id\":\"https:\/\/worldinabucket.com\/de\/#\/schema\/logo\/image\/\"}}]}<\/script>\n<!-- \/ Yoast SEO plugin. -->","yoast_head_json":{"title":"World in a bucket: Reiseblog und Ratgeber f\u00fcr spannende Ausfl\u00fcge","description":"Finde auf meinem Reiseblog die besten Tipps & Tricks f\u00fcr deinen n\u00e4chsten Ausflug oder Urlaub und erlebe die sch\u00f6nsten Momente.","robots":{"index":"index","follow":"follow","max-snippet":"max-snippet:-1","max-image-preview":"max-image-preview:large","max-video-preview":"max-video-preview:-1"},"canonical":"https:\/\/worldinabucket.com\/de\/","og_locale":"de_DE","og_type":"article","og_title":"World in a bucket: Reiseblog und Ratgeber f\u00fcr spannende Ausfl\u00fcge","og_description":"Finde auf meinem Reiseblog die besten Tipps & Tricks f\u00fcr deinen n\u00e4chsten Ausflug oder Urlaub und erlebe die sch\u00f6nsten Momente.","og_url":"https:\/\/worldinabucket.com\/de\/","og_site_name":"worldinabucket.com","article_modified_time":"2025-08-24T11:41:10+00:00","twitter_card":"summary_large_image","twitter_misc":{"Gesch\u00e4tzte Lesezeit":"2\u00a0Minuten"},"schema":{"@context":"https:\/\/schema.org","@graph":[{"@type":"WebPage","@id":"https:\/\/worldinabucket.com\/de\/","url":"https:\/\/worldinabucket.com\/de\/","name":"World in a bucket: Reiseblog und Ratgeber f\u00fcr spannende Ausfl\u00fcge","isPartOf":{"@id":"https:\/\/worldinabucket.com\/de\/#website"},"datePublished":"2023-02-22T18:52:18+00:00","dateModified":"2025-08-24T11:41:10+00:00","description":"Finde auf meinem Reiseblog die besten Tipps & Tricks f\u00fcr deinen n\u00e4chsten Ausflug oder Urlaub und erlebe die sch\u00f6nsten Momente.","breadcrumb":{"@id":"https:\/\/worldinabucket.com\/de\/#breadcrumb"},"inLanguage":"de","potentialAction":[{"@type":"ReadAction","target":["https:\/\/worldinabucket.com\/de\/"]}]},{"@type":"BreadcrumbList","@id":"https:\/\/worldinabucket.com\/de\/#breadcrumb","itemListElement":[{"@type":"ListItem","position":1,"name":"Startseite","item":"https:\/\/worldinabucket.com\/de\/"},{"@type":"ListItem","position":2,"name":"Startseite"}]},{"@type":"WebSite","@id":"https:\/\/worldinabucket.com\/de\/#website","url":"https:\/\/worldinabucket.com\/de\/","name":"worldinabucket.com","description":"worldinabucket","publisher":{"@id":"https:\/\/worldinabucket.com\/de\/#organization"},"potentialAction":[{"@type":"SearchAction","target":{"@type":"EntryPoint","urlTemplate":"https:\/\/worldinabucket.com\/de\/?s={search_term_string}"},"query-input":{"@type":"PropertyValueSpecification","valueRequired":true,"valueName":"search_term_string"}}],"inLanguage":"de"},{"@type":"Organization","@id":"https:\/\/worldinabucket.com\/de\/#organization","name":"worldinabucket.com","url":"https:\/\/worldinabucket.com\/de\/","logo":{"@type":"ImageObject","inLanguage":"de","@id":"https:\/\/worldinabucket.com\/de\/#\/schema\/logo\/image\/","url":"https:\/\/worldinabucket.com\/wp-content\/uploads\/2023\/02\/wib-logo-first-draft_Zeichenflaeche-1-e1678548851820.png","contentUrl":"https:\/\/worldinabucket.com\/wp-content\/uploads\/2023\/02\/wib-logo-first-draft_Zeichenflaeche-1-e1678548851820.png","width":2084,"height":1417,"caption":"worldinabucket.com"},"image":{"@id":"https:\/\/worldinabucket.com\/de\/#\/schema\/logo\/image\/"}}]}},"_links":{"self":[{"href":"https:\/\/worldinabucket.com\/de\/wp-json\/wp\/v2\/pages\/15230","targetHints":{"allow":["GET"]}}],"collection":[{"href":"https:\/\/worldinabucket.com\/de\/wp-json\/wp\/v2\/pages"}],"about":[{"href":"https:\/\/worldinabucket.com\/de\/wp-json\/wp\/v2\/types\/page"}],"author":[{"embeddable":true,"href":"https:\/\/worldinabucket.com\/de\/wp-json\/wp\/v2\/users\/1"}],"replies":[{"embeddable":true,"href":"https:\/\/worldinabucket.com\/de\/wp-json\/wp\/v2\/comments?post=15230"}],"version-history":[{"count":10,"href":"https:\/\/worldinabucket.com\/de\/wp-json\/wp\/v2\/pages\/15230\/revisions"}],"predecessor-version":[{"id":19171,"href":"https:\/\/worldinabucket.com\/de\/wp-json\/wp\/v2\/pages\/15230\/revisions\/19171"}],"wp:attachment":[{"href":"https:\/\/worldinabucket.com\/de\/wp-json\/wp\/v2\/media?parent=15230"}],"curies":[{"name":"wp","href":"https:\/\/api.w.org\/{rel}","templated":true}]}}