{"id":11,"date":"2020-04-07T13:59:00","date_gmt":"2020-04-07T12:59:00","guid":{"rendered":"https:\/\/the7.io\/business-advisors\/?page_id=11"},"modified":"2024-10-16T20:47:53","modified_gmt":"2024-10-16T18:47:53","slug":"blog","status":"publish","type":"page","link":"https:\/\/worldinabucket.com\/de\/blog\/","title":{"rendered":"Blogbeitr\u00e4ge"},"content":{"rendered":"\t\t<div data-elementor-type=\"wp-page\" data-elementor-id=\"11\" class=\"elementor elementor-11\" data-elementor-post-type=\"page\">\n\t\t\t\t\t\t<section class=\"elementor-section elementor-top-section elementor-element elementor-element-64f606a elementor-section-height-min-height elementor-section-items-stretch elementor-section-content-middle elementor-section-boxed elementor-section-height-default\" data-id=\"64f606a\" data-element_type=\"section\">\n\t\t\t\t\t\t\t<div class=\"elementor-background-overlay\"><\/div>\n\t\t\t\t\t\t\t<div class=\"elementor-container elementor-column-gap-wider\">\n\t\t\t\t\t<div class=\"elementor-column elementor-col-100 elementor-top-column elementor-element elementor-element-dd9b4aa\" data-id=\"dd9b4aa\" data-element_type=\"column\" data-settings=\"{&quot;background_background&quot;:&quot;classic&quot;}\">\n\t\t\t<div class=\"elementor-widget-wrap elementor-element-populated\">\n\t\t\t\t\t\t<div class=\"elementor-element elementor-element-ad9333c elementor-grid-3 elementor-grid-tablet-2 elementor-grid-mobile-1 elementor-posts--thumbnail-top elementor-posts--show-avatar elementor-card-shadow-yes elementor-posts__hover-gradient elementor-widget elementor-widget-posts\" data-id=\"ad9333c\" data-element_type=\"widget\" data-settings=\"{&quot;pagination_type&quot;:&quot;load_more_infinite_scroll&quot;,&quot;cards_columns&quot;:&quot;3&quot;,&quot;cards_columns_tablet&quot;:&quot;2&quot;,&quot;cards_columns_mobile&quot;:&quot;1&quot;,&quot;cards_row_gap&quot;:{&quot;unit&quot;:&quot;px&quot;,&quot;size&quot;:35,&quot;sizes&quot;:[]},&quot;cards_row_gap_tablet&quot;:{&quot;unit&quot;:&quot;px&quot;,&quot;size&quot;:&quot;&quot;,&quot;sizes&quot;:[]},&quot;cards_row_gap_mobile&quot;:{&quot;unit&quot;:&quot;px&quot;,&quot;size&quot;:&quot;&quot;,&quot;sizes&quot;:[]},&quot;load_more_spinner&quot;:{&quot;value&quot;:&quot;fas fa-spinner&quot;,&quot;library&quot;:&quot;fa-solid&quot;}}\" data-widget_type=\"posts.cards\">\n\t\t\t\t<div class=\"elementor-widget-container\">\n\t\t\t\t\t\t\t<div class=\"elementor-posts-container elementor-posts elementor-posts--skin-cards elementor-grid\" role=\"list\">\n\t\t\t\t<article class=\"elementor-post elementor-grid-item post-19173 post type-post status-publish format-standard has-post-thumbnail hentry category-blog\" role=\"listitem\">\n\t\t\t<div class=\"elementor-post__card\">\n\t\t\t\t<a class=\"elementor-post__thumbnail__link\" href=\"https:\/\/worldinabucket.com\/de\/bester-handgepack-koffer\/\" tabindex=\"-1\" ><div class=\"elementor-post__thumbnail\"><img decoding=\"async\" src=\"https:\/\/worldinabucket.com\/wp-content\/uploads\/2025\/10\/bde06be3-03fa-4c2b-9882-c2d158bd4e87332.png\" title=\"bde06be3-03fa-4c2b-9882-c2d158bd4e87332\" alt=\"handgep\u00e4ck menschen im flughafen\" loading=\"lazy\" \/><\/div><\/a>\n\t\t\t\t<div class=\"elementor-post__avatar\">\n\t\t\t<img alt='Carina' src='https:\/\/worldinabucket.com\/wp-content\/uploads\/2023\/03\/cropped-drtgfhhj-e1680264749887-128x128.jpeg' srcset='https:\/\/worldinabucket.com\/wp-content\/uploads\/2023\/03\/cropped-drtgfhhj-e1680264749887.jpeg 2x' class='avatar avatar-128 photo' height='128' width='128' \/>\t\t<\/div>\n\t\t\t\t<div class=\"elementor-post__text\">\n\t\t\t\t<h3 class=\"elementor-post__title\">\n\t\t\t<a href=\"https:\/\/worldinabucket.com\/de\/bester-handgepack-koffer\/\" >\n\t\t\t\tBester Handgep\u00e4ck Koffer: <br>G\u00fcnstige Modelle f\u00fcr deine Reise\t\t\t<\/a>\n\t\t<\/h3>\n\t\t\t\t<div class=\"elementor-post__excerpt\">\n\t\t\t<p>Du kannst es kaum erwarten: Der langersehnte Urlaub steht an! Wahrscheinlich hast du schon die sch\u00f6nsten Ausflugsziele in der Umgebung herausgesucht und ein tolles Hotel gebucht. Kurz vor der Reise kommt dann aber noch eine Frage auf: Welchen Handgep\u00e4ck Koffer kannst du mitnehmen? Was erlauben die Fluggesellschaften? Welche Funktionen brauchst<\/p>\n\t\t<\/div>\n\t\t\t\t\t<div class=\"elementor-post__read-more-wrapper\">\n\t\t\n\t\t<a class=\"elementor-post__read-more\" href=\"https:\/\/worldinabucket.com\/de\/bester-handgepack-koffer\/\" aria-label=\"Read more about Bester Handgep\u00e4ck Koffer: &lt;br&gt;G\u00fcnstige Modelle f\u00fcr deine Reise\" tabindex=\"-1\" >\n\t\t\tWeiterlesen\t\t<\/a>\n\n\t\t\t\t\t<\/div>\n\t\t\t\t<\/div>\n\t\t\t\t<div class=\"elementor-post__meta-data\">\n\t\t\t\t\t<span class=\"elementor-post-author\">\n\t\t\tCarina\t\t<\/span>\n\t\t\t\t<span class=\"elementor-post-date\">\n\t\t\t31. Oktober 2025\t\t<\/span>\n\t\t\t\t<\/div>\n\t\t\t\t\t<\/div>\n\t\t<\/article>\n\t\t\t\t<article class=\"elementor-post elementor-grid-item post-18027 post type-post status-publish format-standard has-post-thumbnail hentry category-blog tag-hamburg\" role=\"listitem\">\n\t\t\t<div class=\"elementor-post__card\">\n\t\t\t\t<a class=\"elementor-post__thumbnail__link\" href=\"https:\/\/worldinabucket.com\/de\/hamburg-top-20-sehenswuerdigkeiten\/\" tabindex=\"-1\" ><div class=\"elementor-post__thumbnail\"><img decoding=\"async\" src=\"https:\/\/worldinabucket.com\/wp-content\/uploads\/2023\/08\/julia-solonina-xQf7UJN0j1Q-unsplash-scaled-e1691761130904.jpg\" title=\"Hamburg Sehensw\u00fcrdigkeiten Docklands\" alt=\"Hamburg Sehensw\u00fcrdigkeiten Docklands\" loading=\"lazy\" \/><\/div><\/a>\n\t\t\t\t<div class=\"elementor-post__avatar\">\n\t\t\t<img alt='Carina' src='https:\/\/worldinabucket.com\/wp-content\/uploads\/2023\/03\/cropped-drtgfhhj-e1680264749887-128x128.jpeg' srcset='https:\/\/worldinabucket.com\/wp-content\/uploads\/2023\/03\/cropped-drtgfhhj-e1680264749887.jpeg 2x' class='avatar avatar-128 photo' height='128' width='128' \/>\t\t<\/div>\n\t\t\t\t<div class=\"elementor-post__text\">\n\t\t\t\t<h3 class=\"elementor-post__title\">\n\t\t\t<a href=\"https:\/\/worldinabucket.com\/de\/hamburg-top-20-sehenswuerdigkeiten\/\" >\n\t\t\t\tHamburg: Meine Top 20 Sehensw\u00fcrdigkeiten<br> in der Hansestadt\t\t\t<\/a>\n\t\t<\/h3>\n\t\t\t\t<div class=\"elementor-post__excerpt\">\n\t\t\t<p>Ob Tagestrip, Wochenende oder ganzer Urlaub &#8211; du willst das meiste aus deinem Ausflug nach Hamburg holen. Kein Problem! In diesem Beitrag findest du meine Top 20 Sehensw\u00fcrdigkeiten, die man in Hamburg erlebt haben muss. Ich habe alle Sehensw\u00fcrdigkeiten so sortiert, dass sie geografisch nah beieinander liegen. So kannst du<\/p>\n\t\t<\/div>\n\t\t\t\t\t<div class=\"elementor-post__read-more-wrapper\">\n\t\t\n\t\t<a class=\"elementor-post__read-more\" href=\"https:\/\/worldinabucket.com\/de\/hamburg-top-20-sehenswuerdigkeiten\/\" aria-label=\"Read more about Hamburg: Meine Top 20 Sehensw\u00fcrdigkeiten&lt;br&gt; in der Hansestadt\" tabindex=\"-1\" >\n\t\t\tWeiterlesen\t\t<\/a>\n\n\t\t\t\t\t<\/div>\n\t\t\t\t<\/div>\n\t\t\t\t<div class=\"elementor-post__meta-data\">\n\t\t\t\t\t<span class=\"elementor-post-author\">\n\t\t\tCarina\t\t<\/span>\n\t\t\t\t<span class=\"elementor-post-date\">\n\t\t\t5. April 2024\t\t<\/span>\n\t\t\t\t<\/div>\n\t\t\t\t\t<\/div>\n\t\t<\/article>\n\t\t\t\t<article class=\"elementor-post elementor-grid-item post-16617 post type-post status-publish format-standard has-post-thumbnail hentry category-blog\" role=\"listitem\">\n\t\t\t<div class=\"elementor-post__card\">\n\t\t\t\t<a class=\"elementor-post__thumbnail__link\" href=\"https:\/\/worldinabucket.com\/de\/trustedhousesitters-erfahrungen\/\" tabindex=\"-1\" ><div class=\"elementor-post__thumbnail\"><img decoding=\"async\" src=\"https:\/\/worldinabucket.com\/wp-content\/uploads\/2023\/04\/Trustedhousesitters-Erfahrungen-Hund-scaled-e1681569122788.jpg\" title=\"Trustedhousesitters-Erfahrungen-Hund\" alt=\"Trustedhousesitters-Erfahrungen-Hund\" loading=\"lazy\" \/><\/div><\/a>\n\t\t\t\t<div class=\"elementor-post__avatar\">\n\t\t\t<img alt='Carina' src='https:\/\/worldinabucket.com\/wp-content\/uploads\/2023\/03\/cropped-drtgfhhj-e1680264749887-128x128.jpeg' srcset='https:\/\/worldinabucket.com\/wp-content\/uploads\/2023\/03\/cropped-drtgfhhj-e1680264749887.jpeg 2x' class='avatar avatar-128 photo' height='128' width='128' \/>\t\t<\/div>\n\t\t\t\t<div class=\"elementor-post__text\">\n\t\t\t\t<h3 class=\"elementor-post__title\">\n\t\t\t<a href=\"https:\/\/worldinabucket.com\/de\/trustedhousesitters-erfahrungen\/\" >\n\t\t\t\tMeine pers\u00f6nlichen Trustedhousesitters Erfahrungen &#038; wie du auch Housesitter wirst\t\t\t<\/a>\n\t\t<\/h3>\n\t\t\t\t<div class=\"elementor-post__excerpt\">\n\t\t\t<p>Es klingt zu sch\u00f6n, um wahr zu sein &#8211; kostenlos in einem wundersch\u00f6nen Haus in einem exotischen Land zu leben und dabei auch noch f\u00fcr s\u00fc\u00dfe Haustiere zu sorgen. Aber genau das ist Housesitting! In diesem Blogbeitrag werde ich dir von meinen eigenen Trustedhousesitters Erfahrungen erz\u00e4hlen und dir zeigen, wie<\/p>\n\t\t<\/div>\n\t\t\t\t\t<div class=\"elementor-post__read-more-wrapper\">\n\t\t\n\t\t<a class=\"elementor-post__read-more\" href=\"https:\/\/worldinabucket.com\/de\/trustedhousesitters-erfahrungen\/\" aria-label=\"Read more about Meine pers\u00f6nlichen Trustedhousesitters Erfahrungen &#038; wie du auch Housesitter wirst\" tabindex=\"-1\" >\n\t\t\tWeiterlesen\t\t<\/a>\n\n\t\t\t\t\t<\/div>\n\t\t\t\t<\/div>\n\t\t\t\t<div class=\"elementor-post__meta-data\">\n\t\t\t\t\t<span class=\"elementor-post-author\">\n\t\t\tCarina\t\t<\/span>\n\t\t\t\t<span class=\"elementor-post-date\">\n\t\t\t5. April 2024\t\t<\/span>\n\t\t\t\t<\/div>\n\t\t\t\t\t<\/div>\n\t\t<\/article>\n\t\t\t\t<article class=\"elementor-post elementor-grid-item post-18756 post type-post status-publish format-standard has-post-thumbnail hentry category-blog\" role=\"listitem\">\n\t\t\t<div class=\"elementor-post__card\">\n\t\t\t\t<a class=\"elementor-post__thumbnail__link\" href=\"https:\/\/worldinabucket.com\/de\/bestes-festival-zelt-meine-empfehlungen\/\" tabindex=\"-1\" ><div class=\"elementor-post__thumbnail\"><img decoding=\"async\" src=\"https:\/\/worldinabucket.com\/wp-content\/uploads\/2024\/02\/ottr-dan-dAjuYLXK17Q-unsplash-scaled.jpg\" title=\"Festival Camping\" alt=\"Festival Camping Essen\" loading=\"lazy\" \/><\/div><\/a>\n\t\t\t\t<div class=\"elementor-post__avatar\">\n\t\t\t<img alt='Carina' src='https:\/\/worldinabucket.com\/wp-content\/uploads\/2023\/03\/cropped-drtgfhhj-e1680264749887-128x128.jpeg' srcset='https:\/\/worldinabucket.com\/wp-content\/uploads\/2023\/03\/cropped-drtgfhhj-e1680264749887.jpeg 2x' class='avatar avatar-128 photo' height='128' width='128' \/>\t\t<\/div>\n\t\t\t\t<div class=\"elementor-post__text\">\n\t\t\t\t<h3 class=\"elementor-post__title\">\n\t\t\t<a href=\"https:\/\/worldinabucket.com\/de\/bestes-festival-zelt-meine-empfehlungen\/\" >\n\t\t\t\tBestes Festival Zelt 2026: Meine Empfehlungen f\u00fcr 2 bis 3 Personen\t\t\t<\/a>\n\t\t<\/h3>\n\t\t\t\t<div class=\"elementor-post__excerpt\">\n\t\t\t<p>Wer kennt es nicht? Auf der Suche nach dem besten Festival Zelt f\u00fcr die eigenen Bed\u00fcrfnisse&nbsp; st\u00f6\u00dft man in den Top 10 Google-Ergebnissen immer wieder auf dubiose &#8222;Vergleiche&#8220; mit Labels, wie &#8222;Unser Tipp&#8220; oder &#8222;Vergleichssieger&#8220;, bei denen man gar nicht wei\u00df, warum ein bestimmtes Produkt so viel besser als ein<\/p>\n\t\t<\/div>\n\t\t\t\t\t<div class=\"elementor-post__read-more-wrapper\">\n\t\t\n\t\t<a class=\"elementor-post__read-more\" href=\"https:\/\/worldinabucket.com\/de\/bestes-festival-zelt-meine-empfehlungen\/\" aria-label=\"Read more about Bestes Festival Zelt 2026: Meine Empfehlungen f\u00fcr 2 bis 3 Personen\" tabindex=\"-1\" >\n\t\t\tWeiterlesen\t\t<\/a>\n\n\t\t\t\t\t<\/div>\n\t\t\t\t<\/div>\n\t\t\t\t<div class=\"elementor-post__meta-data\">\n\t\t\t\t\t<span class=\"elementor-post-author\">\n\t\t\tCarina\t\t<\/span>\n\t\t\t\t<span class=\"elementor-post-date\">\n\t\t\t12. M\u00e4rz 2024\t\t<\/span>\n\t\t\t\t<\/div>\n\t\t\t\t\t<\/div>\n\t\t<\/article>\n\t\t\t\t<article class=\"elementor-post elementor-grid-item post-16734 post type-post status-publish format-standard has-post-thumbnail hentry category-blog\" role=\"listitem\">\n\t\t\t<div class=\"elementor-post__card\">\n\t\t\t\t<a class=\"elementor-post__thumbnail__link\" href=\"https:\/\/worldinabucket.com\/de\/handgepaeck-packliste-checkliste\/\" tabindex=\"-1\" ><div class=\"elementor-post__thumbnail\"><img decoding=\"async\" src=\"https:\/\/worldinabucket.com\/wp-content\/uploads\/2023\/04\/marissa-grootes-TVllFyGaLEA-unsplash-scaled-e1682183529621-768x512.jpg\" title=\"marissa-grootes-TVllFyGaLEA-unsplash\" alt=\"marissa-grootes-TVllFyGaLEA-unsplash\" loading=\"lazy\" \/><\/div><\/a>\n\t\t\t\t<div class=\"elementor-post__avatar\">\n\t\t\t<img alt='Carina' src='https:\/\/worldinabucket.com\/wp-content\/uploads\/2023\/03\/cropped-drtgfhhj-e1680264749887-128x128.jpeg' srcset='https:\/\/worldinabucket.com\/wp-content\/uploads\/2023\/03\/cropped-drtgfhhj-e1680264749887.jpeg 2x' class='avatar avatar-128 photo' height='128' width='128' \/>\t\t<\/div>\n\t\t\t\t<div class=\"elementor-post__text\">\n\t\t\t\t<h3 class=\"elementor-post__title\">\n\t\t\t<a href=\"https:\/\/worldinabucket.com\/de\/handgepaeck-packliste-checkliste\/\" >\n\t\t\t\tHandgep\u00e4ck Packliste: Checkliste und <br>No-Gos bei Airlines\t\t\t<\/a>\n\t\t<\/h3>\n\t\t\t\t<div class=\"elementor-post__excerpt\">\n\t\t\t<p>Was geh\u00f6rt alles auf eine Handgep\u00e4ck Packliste? Auch wenn vieles sehr individuell ist, gibt es doch einige Dinge, die wirklich fast jeder mit haben muss. Welche das sind und weitere Inspirationen f\u00fcr deine Handgep\u00e4ck Packliste findest du in diesem Beitrag. Klicke dazu einfach auf die entsprechenden Kategorien und schreibe dir<\/p>\n\t\t<\/div>\n\t\t\t\t\t<div class=\"elementor-post__read-more-wrapper\">\n\t\t\n\t\t<a class=\"elementor-post__read-more\" href=\"https:\/\/worldinabucket.com\/de\/handgepaeck-packliste-checkliste\/\" aria-label=\"Read more about Handgep\u00e4ck Packliste: Checkliste und &lt;br&gt;No-Gos bei Airlines\" tabindex=\"-1\" >\n\t\t\tWeiterlesen\t\t<\/a>\n\n\t\t\t\t\t<\/div>\n\t\t\t\t<\/div>\n\t\t\t\t<div class=\"elementor-post__meta-data\">\n\t\t\t\t\t<span class=\"elementor-post-author\">\n\t\t\tCarina\t\t<\/span>\n\t\t\t\t<span class=\"elementor-post-date\">\n\t\t\t28. Februar 2024\t\t<\/span>\n\t\t\t\t<\/div>\n\t\t\t\t\t<\/div>\n\t\t<\/article>\n\t\t\t\t<article class=\"elementor-post elementor-grid-item post-18257 post type-post status-publish format-standard has-post-thumbnail hentry category-blog tag-hamburg\" role=\"listitem\">\n\t\t\t<div class=\"elementor-post__card\">\n\t\t\t\t<a class=\"elementor-post__thumbnail__link\" href=\"https:\/\/worldinabucket.com\/de\/ein-tag-in-hamburg-was-tun-was-muss-man-gesehen-haben\/\" tabindex=\"-1\" ><div class=\"elementor-post__thumbnail\"><img decoding=\"async\" src=\"https:\/\/worldinabucket.com\/wp-content\/uploads\/2023\/08\/julia-solonina-wRJfHQ2oQOE-unsplash-scaled-e1707506016127.jpg\" title=\"Jungfernstieg-Sonnenaufgang\" alt=\"Jungfernstieg Hamburg Sonnenaufgang\" loading=\"lazy\" \/><\/div><\/a>\n\t\t\t\t<div class=\"elementor-post__avatar\">\n\t\t\t<img alt='Carina' src='https:\/\/worldinabucket.com\/wp-content\/uploads\/2023\/03\/cropped-drtgfhhj-e1680264749887-128x128.jpeg' srcset='https:\/\/worldinabucket.com\/wp-content\/uploads\/2023\/03\/cropped-drtgfhhj-e1680264749887.jpeg 2x' class='avatar avatar-128 photo' height='128' width='128' \/>\t\t<\/div>\n\t\t\t\t<div class=\"elementor-post__text\">\n\t\t\t\t<h3 class=\"elementor-post__title\">\n\t\t\t<a href=\"https:\/\/worldinabucket.com\/de\/ein-tag-in-hamburg-was-tun-was-muss-man-gesehen-haben\/\" >\n\t\t\t\tEin Tag in Hamburg: <br>Was muss man gesehen haben?\t\t\t<\/a>\n\t\t<\/h3>\n\t\t\t\t<div class=\"elementor-post__excerpt\">\n\t\t\t<p>Auch wenn ich jedem empfehlen w\u00fcrde, zumindest 2-3 Tage in Hamburg einzuplanen, um wirklich alle Seiten der Stadt zu erkunden, so hat nicht jeder zwingend die Zeit daf\u00fcr. Vielleicht bist du grade auf der Durchreise oder hast schlicht nur einen freien Tag. Um dir dennoch die beste Erfahrung f\u00fcr einen<\/p>\n\t\t<\/div>\n\t\t\t\t\t<div class=\"elementor-post__read-more-wrapper\">\n\t\t\n\t\t<a class=\"elementor-post__read-more\" href=\"https:\/\/worldinabucket.com\/de\/ein-tag-in-hamburg-was-tun-was-muss-man-gesehen-haben\/\" aria-label=\"Read more about Ein Tag in Hamburg: &lt;br&gt;Was muss man gesehen haben?\" tabindex=\"-1\" >\n\t\t\tWeiterlesen\t\t<\/a>\n\n\t\t\t\t\t<\/div>\n\t\t\t\t<\/div>\n\t\t\t\t<div class=\"elementor-post__meta-data\">\n\t\t\t\t\t<span class=\"elementor-post-author\">\n\t\t\tCarina\t\t<\/span>\n\t\t\t\t<span class=\"elementor-post-date\">\n\t\t\t21. Februar 2024\t\t<\/span>\n\t\t\t\t<\/div>\n\t\t\t\t\t<\/div>\n\t\t<\/article>\n\t\t\t\t<\/div>\n\t\t\t\t\t<span class=\"e-load-more-spinner\">\n\t\t\t\t<i aria-hidden=\"true\" class=\"fas fa-spinner\"><\/i>\t\t\t<\/span>\n\t\t\n\t\t\t\t<div class=\"e-load-more-anchor\" data-page=\"1\" data-max-page=\"2\" data-next-page=\"https:\/\/worldinabucket.com\/de\/wp-json\/wp\/v2\/pages\/11\/page\/2\/\"><\/div>\n\t\t\t\t<div class=\"e-load-more-message\"><\/div>\n\t\t\t\t\t\t<\/div>\n\t\t\t\t<\/div>\n\t\t\t\t\t<\/div>\n\t\t<\/div>\n\t\t\t\t\t<\/div>\n\t\t<\/section>\n\t\t\t\t<\/div>\n\t\t","protected":false},"excerpt":{"rendered":"","protected":false},"author":1,"featured_media":0,"parent":0,"menu_order":10,"comment_status":"closed","ping_status":"closed","template":"","meta":{"footnotes":""},"class_list":["post-11","page","type-page","status-publish","hentry"],"yoast_head":"<!-- This site is optimized with the Yoast SEO plugin v26.4 - https:\/\/yoast.com\/wordpress\/plugins\/seo\/ -->\n<title>Blogbeitr\u00e4ge - worldinabucket.com<\/title>\n<meta name=\"robots\" content=\"index, follow, max-snippet:-1, max-image-preview:large, max-video-preview:-1\" \/>\n<link rel=\"canonical\" href=\"https:\/\/worldinabucket.com\/de\/blog\/\" \/>\n<meta property=\"og:locale\" content=\"de_DE\" \/>\n<meta property=\"og:type\" content=\"article\" \/>\n<meta property=\"og:title\" content=\"Blogbeitr\u00e4ge - worldinabucket.com\" \/>\n<meta property=\"og:url\" content=\"https:\/\/worldinabucket.com\/de\/blog\/\" \/>\n<meta property=\"og:site_name\" content=\"worldinabucket.com\" \/>\n<meta property=\"article:modified_time\" content=\"2024-10-16T18:47:53+00:00\" \/>\n<meta name=\"twitter:card\" content=\"summary_large_image\" \/>\n<meta name=\"twitter:label1\" content=\"Gesch\u00e4tzte Lesezeit\" \/>\n\t<meta name=\"twitter:data1\" content=\"7\u00a0Minuten\" \/>\n<script type=\"application\/ld+json\" class=\"yoast-schema-graph\">{\"@context\":\"https:\/\/schema.org\",\"@graph\":[{\"@type\":\"WebPage\",\"@id\":\"https:\/\/worldinabucket.com\/de\/blog\/\",\"url\":\"https:\/\/worldinabucket.com\/de\/blog\/\",\"name\":\"Blogbeitr\u00e4ge - worldinabucket.com\",\"isPartOf\":{\"@id\":\"https:\/\/worldinabucket.com\/de\/#website\"},\"datePublished\":\"2020-04-07T12:59:00+00:00\",\"dateModified\":\"2024-10-16T18:47:53+00:00\",\"breadcrumb\":{\"@id\":\"https:\/\/worldinabucket.com\/de\/blog\/#breadcrumb\"},\"inLanguage\":\"de\",\"potentialAction\":[{\"@type\":\"ReadAction\",\"target\":[\"https:\/\/worldinabucket.com\/de\/blog\/\"]}]},{\"@type\":\"BreadcrumbList\",\"@id\":\"https:\/\/worldinabucket.com\/de\/blog\/#breadcrumb\",\"itemListElement\":[{\"@type\":\"ListItem\",\"position\":1,\"name\":\"Startseite\",\"item\":\"https:\/\/worldinabucket.com\/de\/\"},{\"@type\":\"ListItem\",\"position\":2,\"name\":\"Blogbeitr\u00e4ge\"}]},{\"@type\":\"WebSite\",\"@id\":\"https:\/\/worldinabucket.com\/de\/#website\",\"url\":\"https:\/\/worldinabucket.com\/de\/\",\"name\":\"worldinabucket.com\",\"description\":\"worldinabucket\",\"publisher\":{\"@id\":\"https:\/\/worldinabucket.com\/de\/#organization\"},\"potentialAction\":[{\"@type\":\"SearchAction\",\"target\":{\"@type\":\"EntryPoint\",\"urlTemplate\":\"https:\/\/worldinabucket.com\/de\/?s={search_term_string}\"},\"query-input\":{\"@type\":\"PropertyValueSpecification\",\"valueRequired\":true,\"valueName\":\"search_term_string\"}}],\"inLanguage\":\"de\"},{\"@type\":\"Organization\",\"@id\":\"https:\/\/worldinabucket.com\/de\/#organization\",\"name\":\"worldinabucket.com\",\"url\":\"https:\/\/worldinabucket.com\/de\/\",\"logo\":{\"@type\":\"ImageObject\",\"inLanguage\":\"de\",\"@id\":\"https:\/\/worldinabucket.com\/de\/#\/schema\/logo\/image\/\",\"url\":\"https:\/\/worldinabucket.com\/wp-content\/uploads\/2023\/02\/wib-logo-first-draft_Zeichenflaeche-1-e1678548851820.png\",\"contentUrl\":\"https:\/\/worldinabucket.com\/wp-content\/uploads\/2023\/02\/wib-logo-first-draft_Zeichenflaeche-1-e1678548851820.png\",\"width\":2084,\"height\":1417,\"caption\":\"worldinabucket.com\"},\"image\":{\"@id\":\"https:\/\/worldinabucket.com\/de\/#\/schema\/logo\/image\/\"}}]}<\/script>\n<!-- \/ Yoast SEO plugin. -->","yoast_head_json":{"title":"Blogbeitr\u00e4ge - worldinabucket.com","robots":{"index":"index","follow":"follow","max-snippet":"max-snippet:-1","max-image-preview":"max-image-preview:large","max-video-preview":"max-video-preview:-1"},"canonical":"https:\/\/worldinabucket.com\/de\/blog\/","og_locale":"de_DE","og_type":"article","og_title":"Blogbeitr\u00e4ge - worldinabucket.com","og_url":"https:\/\/worldinabucket.com\/de\/blog\/","og_site_name":"worldinabucket.com","article_modified_time":"2024-10-16T18:47:53+00:00","twitter_card":"summary_large_image","twitter_misc":{"Gesch\u00e4tzte Lesezeit":"7\u00a0Minuten"},"schema":{"@context":"https:\/\/schema.org","@graph":[{"@type":"WebPage","@id":"https:\/\/worldinabucket.com\/de\/blog\/","url":"https:\/\/worldinabucket.com\/de\/blog\/","name":"Blogbeitr\u00e4ge - worldinabucket.com","isPartOf":{"@id":"https:\/\/worldinabucket.com\/de\/#website"},"datePublished":"2020-04-07T12:59:00+00:00","dateModified":"2024-10-16T18:47:53+00:00","breadcrumb":{"@id":"https:\/\/worldinabucket.com\/de\/blog\/#breadcrumb"},"inLanguage":"de","potentialAction":[{"@type":"ReadAction","target":["https:\/\/worldinabucket.com\/de\/blog\/"]}]},{"@type":"BreadcrumbList","@id":"https:\/\/worldinabucket.com\/de\/blog\/#breadcrumb","itemListElement":[{"@type":"ListItem","position":1,"name":"Startseite","item":"https:\/\/worldinabucket.com\/de\/"},{"@type":"ListItem","position":2,"name":"Blogbeitr\u00e4ge"}]},{"@type":"WebSite","@id":"https:\/\/worldinabucket.com\/de\/#website","url":"https:\/\/worldinabucket.com\/de\/","name":"worldinabucket.com","description":"worldinabucket","publisher":{"@id":"https:\/\/worldinabucket.com\/de\/#organization"},"potentialAction":[{"@type":"SearchAction","target":{"@type":"EntryPoint","urlTemplate":"https:\/\/worldinabucket.com\/de\/?s={search_term_string}"},"query-input":{"@type":"PropertyValueSpecification","valueRequired":true,"valueName":"search_term_string"}}],"inLanguage":"de"},{"@type":"Organization","@id":"https:\/\/worldinabucket.com\/de\/#organization","name":"worldinabucket.com","url":"https:\/\/worldinabucket.com\/de\/","logo":{"@type":"ImageObject","inLanguage":"de","@id":"https:\/\/worldinabucket.com\/de\/#\/schema\/logo\/image\/","url":"https:\/\/worldinabucket.com\/wp-content\/uploads\/2023\/02\/wib-logo-first-draft_Zeichenflaeche-1-e1678548851820.png","contentUrl":"https:\/\/worldinabucket.com\/wp-content\/uploads\/2023\/02\/wib-logo-first-draft_Zeichenflaeche-1-e1678548851820.png","width":2084,"height":1417,"caption":"worldinabucket.com"},"image":{"@id":"https:\/\/worldinabucket.com\/de\/#\/schema\/logo\/image\/"}}]}},"_links":{"self":[{"href":"https:\/\/worldinabucket.com\/de\/wp-json\/wp\/v2\/pages\/11","targetHints":{"allow":["GET"]}}],"collection":[{"href":"https:\/\/worldinabucket.com\/de\/wp-json\/wp\/v2\/pages"}],"about":[{"href":"https:\/\/worldinabucket.com\/de\/wp-json\/wp\/v2\/types\/page"}],"author":[{"embeddable":true,"href":"https:\/\/worldinabucket.com\/de\/wp-json\/wp\/v2\/users\/1"}],"replies":[{"embeddable":true,"href":"https:\/\/worldinabucket.com\/de\/wp-json\/wp\/v2\/comments?post=11"}],"version-history":[{"count":10,"href":"https:\/\/worldinabucket.com\/de\/wp-json\/wp\/v2\/pages\/11\/revisions"}],"predecessor-version":[{"id":19028,"href":"https:\/\/worldinabucket.com\/de\/wp-json\/wp\/v2\/pages\/11\/revisions\/19028"}],"wp:attachment":[{"href":"https:\/\/worldinabucket.com\/de\/wp-json\/wp\/v2\/media?parent=11"}],"curies":[{"name":"wp","href":"https:\/\/api.w.org\/{rel}","templated":true}]}}